{"id":5751,"date":"2020-10-03T02:13:16","date_gmt":"2020-10-03T01:13:16","guid":{"rendered":"https:\/\/sandranavarrete.com\/?page_id=5751"},"modified":"2020-10-19T23:39:59","modified_gmt":"2020-10-19T22:39:59","slug":"revista-familiar-online-hashtag-en-familia","status":"publish","type":"page","link":"https:\/\/sandranavarrete.com\/index.php\/revista-familiar-online-hashtag-en-familia\/","title":{"rendered":"REVISTA FAMILIAR ONLINE HASHTAG EN FAMILIA"},"content":{"rendered":"\n<p class=\"has-text-align-center\">@hastagenfamilia  Es una revista online dedicada a la familia, en donde podr\u00e1s encontrar diferentes temas de desarrollo personal y temas para ayudarte a mejorar la calidad de vida. <\/p>\n\n\n\n<p class=\"has-text-align-center\">Siguenos en <a href=\"https:\/\/www.facebook.com\/hashtagenfamilia\">facebook<\/a> y en<a href=\"https:\/\/www.instagram.com\/hashtagenfamilia\"> Instagram<\/a> de lunes a Viernes en  mi programa DESC\u00daBRETE Y RECONSTR\u00daYETE con los siguientes segmentos: <\/p>\n\n\n\n<ul class=\"wp-block-list\"><li>Sanaci\u00f3n energ\u00e9tica<\/li><li>Sabiduria Femenina<\/li><li>Arte para ni\u00f1os y adolescentes<\/li><li>Mindfullness<\/li><\/ul>\n\n\n\n<p class=\"has-text-align-left\"><strong>INICIO DEL PROGRAMA DESCUBRETE Y CONSTRUYETE EN LA REVISTA FAMILIAR ONLINE  <\/strong><a href=\"https:\/\/www.facebook.com\/hashtagenfamilia\"> HASHTAG EN FAMILIA<\/a><\/p>\n\n\n\n<figure class=\"wp-block-embed-youtube aligncenter wp-block-embed is-type-video is-provider-youtube wp-embed-aspect-16-9 wp-has-aspect-ratio\"><div class=\"wp-block-embed__wrapper\">\n<iframe title=\"PRESENTACION DESC\u00daBRETE Y CONSTR\u00daYETE - HASHTAG EN FAMILIA\" width=\"720\" height=\"405\" src=\"https:\/\/www.youtube.com\/embed\/CQDDXkWA4PY?feature=oembed\" frameborder=\"0\" allow=\"accelerometer; autoplay; clipboard-write; encrypted-media; gyroscope; picture-in-picture; web-share\" allowfullscreen><\/iframe>\n<\/div><\/figure>\n\n\n\n<p class=\"has-text-align-left\"><strong>DESCUBRETE  Y CONSTRUYETE 1:  LIBERA TU ARTISTA INTERIOR<\/strong><\/p>\n\n\n\n<figure class=\"wp-block-embed-youtube aligncenter wp-block-embed is-type-video is-provider-youtube wp-embed-aspect-16-9 wp-has-aspect-ratio\"><div class=\"wp-block-embed__wrapper\">\n<iframe title=\"DESC\u00daBRETE Y CONSTR\u00daYETE 1: LIBERA TU ARTISTA INTERIOR\" width=\"720\" height=\"405\" src=\"https:\/\/www.youtube.com\/embed\/nUC6Ee2Ltqk?feature=oembed\" frameborder=\"0\" allow=\"accelerometer; autoplay; clipboard-write; encrypted-media; gyroscope; picture-in-picture; web-share\" allowfullscreen><\/iframe>\n<\/div><\/figure>\n\n\n\n<p class=\"has-text-align-left\"><strong>DESCUBRETE Y CONSTRUYETE 2: HABITOS SALUDABLES PARA LA CREATIVIDAD<\/strong><\/p>\n\n\n\n<figure class=\"wp-block-embed-youtube aligncenter wp-block-embed is-type-video is-provider-youtube wp-embed-aspect-16-9 wp-has-aspect-ratio\"><div class=\"wp-block-embed__wrapper\">\n<iframe title=\"CONSTRUYETE Y DESCUBRETE 2:  HABITOS SALUDABLES PARA LA CREATIVIDAD\" width=\"720\" height=\"405\" src=\"https:\/\/www.youtube.com\/embed\/AMyHdsN5WXw?start=14&#038;feature=oembed\" frameborder=\"0\" allow=\"accelerometer; autoplay; clipboard-write; encrypted-media; gyroscope; picture-in-picture; web-share\" allowfullscreen><\/iframe>\n<\/div><\/figure>\n\n\n\n<p class=\"has-text-align-left\"><strong>DESCUBRETE Y CONSTRUYETE 3: <\/strong> <strong>EL ARTISTA INTERIOR EN LOS NI\u00d1OS<\/strong><\/p>\n\n\n\n<figure class=\"wp-block-embed-youtube aligncenter wp-block-embed is-type-video is-provider-youtube wp-embed-aspect-16-9 wp-has-aspect-ratio\"><div class=\"wp-block-embed__wrapper\">\n<iframe title=\"DESCUBRETE Y CONSTRUYETE 3:  EL ARTISTA INTERIOR EN LOS NI\u00d1OS\" width=\"720\" height=\"405\" src=\"https:\/\/www.youtube.com\/embed\/JDMBmbYcP9k?feature=oembed\" frameborder=\"0\" allow=\"accelerometer; autoplay; clipboard-write; encrypted-media; gyroscope; picture-in-picture; web-share\" allowfullscreen><\/iframe>\n<\/div><\/figure>\n\n\n\n<p class=\"has-text-align-left\"><strong>DESCUBRETE Y CONSTRUYETE 4:  TODO CAMBIO QUE QUEREMOS VER EN EL MUNDO EMPIEZA POR UNO MISMO<\/strong><\/p>\n\n\n\n<figure class=\"wp-block-embed-youtube aligncenter wp-block-embed is-type-video is-provider-youtube wp-embed-aspect-16-9 wp-has-aspect-ratio\"><div class=\"wp-block-embed__wrapper\">\n<iframe title=\"DESCUBRETE Y CONSTRUYETE  4: TODO CAMBIO EMPIEZA POR UNO MISMO\" width=\"720\" height=\"405\" src=\"https:\/\/www.youtube.com\/embed\/KvM1KlFk-4w?feature=oembed\" frameborder=\"0\" allow=\"accelerometer; autoplay; clipboard-write; encrypted-media; gyroscope; picture-in-picture; web-share\" allowfullscreen><\/iframe>\n<\/div><\/figure>\n\n\n\n<p class=\"has-text-align-left\"><strong>DESCUBRETE Y CONSTRUYETE 5: ORACION PARA INICIAR EL D\u00cdA<\/strong><\/p>\n\n\n\n<figure class=\"wp-block-embed-youtube wp-block-embed is-type-video is-provider-youtube wp-embed-aspect-16-9 wp-has-aspect-ratio\"><div class=\"wp-block-embed__wrapper\">\n<iframe title=\"DESCUBRETE Y CONSTRUYETE 5:  ORACION PARA INICIAR EL DIA\" width=\"720\" height=\"405\" src=\"https:\/\/www.youtube.com\/embed\/EN8IXvEG1vE?feature=oembed\" frameborder=\"0\" allow=\"accelerometer; autoplay; clipboard-write; encrypted-media; gyroscope; picture-in-picture; web-share\" allowfullscreen><\/iframe>\n<\/div><\/figure>\n\n\n\n<p class=\"has-text-align-left\"><strong>DESCUBRETE Y CONSTRUYETE 6:  ENERGIA Y  ACTOS DE AMOR <\/strong><\/p>\n\n\n\n<figure class=\"wp-block-embed-youtube wp-block-embed is-type-video is-provider-youtube wp-embed-aspect-16-9 wp-has-aspect-ratio\"><div class=\"wp-block-embed__wrapper\">\n<iframe title=\"DESCUBRETE Y CONSTRUYETE 6: ENERGIA Y ACTOS DE AMOR\" width=\"720\" height=\"405\" src=\"https:\/\/www.youtube.com\/embed\/OySIGiWBYu4?feature=oembed\" frameborder=\"0\" allow=\"accelerometer; autoplay; clipboard-write; encrypted-media; gyroscope; picture-in-picture; web-share\" allowfullscreen><\/iframe>\n<\/div><\/figure>\n\n\n\n<p><strong>DESCUBRETE Y CONSTRUYETE 7:  <strong>DESCUBRE LOS SECRETOS DE TU INTERIOR<\/strong><\/strong><\/p>\n\n\n\n<figure class=\"wp-block-embed-youtube wp-block-embed is-type-video is-provider-youtube wp-embed-aspect-4-3 wp-has-aspect-ratio\"><div class=\"wp-block-embed__wrapper\">\n<iframe title=\"DESCUBRETE Y CONSTRUYETE 7: DESCUBRE LOS SECRETOS DE TU INTERIOR\" width=\"720\" height=\"540\" src=\"https:\/\/www.youtube.com\/embed\/XZ70WL357rE?feature=oembed\" frameborder=\"0\" allow=\"accelerometer; autoplay; clipboard-write; encrypted-media; gyroscope; picture-in-picture; web-share\" allowfullscreen><\/iframe>\n<\/div><\/figure>\n\n\n\n<p><strong>DESCUBRETE Y CONSTRUYETE 8: PARA TENER PAZ EL CAMINO ES PERDONAR<\/strong><\/p>\n\n\n\n<figure class=\"wp-block-embed-youtube wp-block-embed is-type-video is-provider-youtube wp-embed-aspect-16-9 wp-has-aspect-ratio\"><div class=\"wp-block-embed__wrapper\">\n<iframe title=\"CONSTRUYETE Y DESCUBRETE 8: PARA TENER PAZ, EL CAMINO ES PERDONAR\" width=\"720\" height=\"405\" src=\"https:\/\/www.youtube.com\/embed\/07vsK8dQVqI?feature=oembed\" frameborder=\"0\" allow=\"accelerometer; autoplay; clipboard-write; encrypted-media; gyroscope; picture-in-picture; web-share\" allowfullscreen><\/iframe>\n<\/div><\/figure>\n\n\n\n<p><strong>DESCUBRETE Y CONSTRUYETE 9: SEGURIDAD PERSONAL Y DESARROLLO PERSONAL<\/strong><\/p>\n\n\n\n<figure class=\"wp-block-embed-youtube wp-block-embed is-type-video is-provider-youtube wp-embed-aspect-16-9 wp-has-aspect-ratio\"><div class=\"wp-block-embed__wrapper\">\n<iframe title=\"DESCUBRETE Y CONSTRUYETE 9: SEGURIDAD PERSONAL Y DESARROLLO PERSONAL\" width=\"720\" height=\"405\" src=\"https:\/\/www.youtube.com\/embed\/uo0DxrNDlpw?feature=oembed\" frameborder=\"0\" allow=\"accelerometer; autoplay; clipboard-write; encrypted-media; gyroscope; picture-in-picture; web-share\" allowfullscreen><\/iframe>\n<\/div><\/figure>\n\n\n\n<p><strong>DESCUBRETE Y CONSTRUYETE 10: BRILLA CON TU LUZ PROPIA<\/strong><\/p>\n\n\n\n<figure class=\"wp-block-embed-youtube wp-block-embed is-type-video is-provider-youtube wp-embed-aspect-16-9 wp-has-aspect-ratio\"><div class=\"wp-block-embed__wrapper\">\n<iframe title=\"DESCUBRETE Y CONSTRUYETE 10: BRILLA CON LUZ PROPIA\" width=\"720\" height=\"405\" src=\"https:\/\/www.youtube.com\/embed\/RxwaO3pOOTs?feature=oembed\" frameborder=\"0\" allow=\"accelerometer; autoplay; clipboard-write; encrypted-media; gyroscope; picture-in-picture; web-share\" allowfullscreen><\/iframe>\n<\/div><\/figure>\n\n\n\n<p><strong>DESCUBRETE Y CONSTRUYETE 11:  Y T\u00da COMO VIVES TU VIDA? <\/strong><\/p>\n\n\n\n<figure class=\"wp-block-embed-youtube wp-block-embed is-type-video is-provider-youtube wp-embed-aspect-16-9 wp-has-aspect-ratio\"><div class=\"wp-block-embed__wrapper\">\n<iframe title=\"DESCUBRETE Y CONSTRUYETE 11: Y T\u00da, COMO VIVIES TU VIDA?\" width=\"720\" height=\"405\" src=\"https:\/\/www.youtube.com\/embed\/p26rctC7GZM?feature=oembed\" frameborder=\"0\" allow=\"accelerometer; autoplay; clipboard-write; encrypted-media; gyroscope; picture-in-picture; web-share\" allowfullscreen><\/iframe>\n<\/div><\/figure>\n\n\n\n<p><strong>DESCUBRETE Y CONSTRUYETE 12:  DEJA IR LO QUE NO LE FUNCIONA A TU VIDA<\/strong><\/p>\n\n\n\n<p><\/p>\n","protected":false},"excerpt":{"rendered":"<p>@hastagenfamilia Es una revista online dedicada a la familia, en donde podr\u00e1s encontrar diferentes temas de desarrollo personal y temas para ayudarte a mejorar la calidad de vida. Siguenos en facebook y en Instagram de lunes a Viernes en mi programa DESC\u00daBRETE Y RECONSTR\u00daYETE con los siguientes segmentos: Sanaci\u00f3n energ\u00e9tica Sabiduria Femenina Arte para ni\u00f1os&#8230;<\/p>\n","protected":false},"author":1,"featured_media":0,"parent":0,"menu_order":0,"comment_status":"closed","ping_status":"closed","template":"","meta":{"_kadence_starter_templates_imported_post":false,"_kad_post_transparent":"","_kad_post_title":"","_kad_post_layout":"","_kad_post_sidebar_id":"","_kad_post_content_style":"","_kad_post_vertical_padding":"","_kad_post_feature":"","_kad_post_feature_position":"","_kad_post_header":false,"_kad_post_footer":false,"footnotes":""},"class_list":["post-5751","page","type-page","status-publish","hentry"],"_links":{"self":[{"href":"https:\/\/sandranavarrete.com\/index.php\/wp-json\/wp\/v2\/pages\/5751","targetHints":{"allow":["GET"]}}],"collection":[{"href":"https:\/\/sandranavarrete.com\/index.php\/wp-json\/wp\/v2\/pages"}],"about":[{"href":"https:\/\/sandranavarrete.com\/index.php\/wp-json\/wp\/v2\/types\/page"}],"author":[{"embeddable":true,"href":"https:\/\/sandranavarrete.com\/index.php\/wp-json\/wp\/v2\/users\/1"}],"replies":[{"embeddable":true,"href":"https:\/\/sandranavarrete.com\/index.php\/wp-json\/wp\/v2\/comments?post=5751"}],"version-history":[{"count":11,"href":"https:\/\/sandranavarrete.com\/index.php\/wp-json\/wp\/v2\/pages\/5751\/revisions"}],"predecessor-version":[{"id":5802,"href":"https:\/\/sandranavarrete.com\/index.php\/wp-json\/wp\/v2\/pages\/5751\/revisions\/5802"}],"wp:attachment":[{"href":"https:\/\/sandranavarrete.com\/index.php\/wp-json\/wp\/v2\/media?parent=5751"}],"curies":[{"name":"wp","href":"https:\/\/api.w.org\/{rel}","templated":true}]}}