{"id":5460,"date":"2020-06-01T18:25:07","date_gmt":"2020-06-01T17:25:07","guid":{"rendered":"https:\/\/sandranavarrete.com\/?page_id=5460"},"modified":"2025-01-24T23:28:57","modified_gmt":"2025-01-24T22:28:57","slug":"sabiduria-femenina-y-empoderamiento","status":"publish","type":"page","link":"https:\/\/sandranavarrete.com\/index.php\/sabiduria-femenina-y-empoderamiento\/","title":{"rendered":"04. SABIDURIA FEMENINA Y EMPODERAMIENTO"},"content":{"rendered":"\n<p class=\"has-text-align-center\"><\/p>\n\n\n\n<p>Querida Amiga,<\/p>\n\n\n\n<p>Esta parte de mi pagina es dedicada exclusivamente a t\u00ed.<\/p>\n\n\n\n<p>Quiero ayudarte a quitarte esos pensamientos limitantes de&nbsp; tu mente y a verdaderamente empezar a confiar en t\u00ed misma.<\/p>\n\n\n<div class=\"wp-block-image\">\n<figure class=\"alignright size-large is-resized\"><img fetchpriority=\"high\" decoding=\"async\" width=\"587\" height=\"1024\" src=\"\/wp-content\/uploads\/\/2020\/06\/20200530_130908-587x1024.jpg\" alt=\"\" class=\"wp-image-5427\" style=\"width:403px;height:703px\" srcset=\"\/wp-content\/uploads\/2020\/06\/20200530_130908-587x1024.jpg 587w, \/wp-content\/uploads\/2020\/06\/20200530_130908-172x300.jpg 172w, \/wp-content\/uploads\/2020\/06\/20200530_130908-86x150.jpg 86w, \/wp-content\/uploads\/2020\/06\/20200530_130908.jpg 720w\" sizes=\"(max-width: 587px) 100vw, 587px\" \/><\/figure><\/div>\n\n\n<p>Seguramente muchas veces te has preguntado, porque a algunas mujeres les va bien y a otras no?<\/p>\n\n\n\n<p>Y la verdad es que todas queremos que a todas nos vaya muy bien en nuestras vidas.<\/p>\n\n\n\n<p>La diferencia es que unas mujeres se preparan, aprenden, viven experiencias, cruzan retos, toman riesgos y otras mujeres prefieren quedarse&nbsp; por falta de conocimiento en una zona de confort de aburrimiento, de malas relaciones, de conformismo y mucho m\u00e1s.<\/p>\n\n\n\n<p>Por eso he dise\u00f1ado con mucho cari\u00f1o un entrenamento de SABIDURIA FEMENINA con una serie de talleres y terapias dise\u00f1ado para 10 semanas especialmente para mujeres.<\/p>\n\n\n\n<p>A trav\u00e9s de este entrenamiento, no te voy a dar una receta m\u00e1gica, pero si vas a prender y te vas a adue\u00f1ar de herramientas valiosas que te van a ayudar a lograr lo que deseas en la vida.&nbsp; <\/p>\n\n\n\n<p>Quiero mostrarte que t\u00fa tienes el poder para crear los cambios que deseas y que adem\u00e1s la magia en tus manos para vivir la vida de tus sue\u00f1os.<\/p>\n\n\n\n<p>Disfrutar el proceso y los aprendizajes es algo hermoso, y verte a t\u00ed misma construyendo tu destino es muy valioso y gratificante.<\/p>\n\n\n\n<p>Para lograrlo, trabajaremos en profundizar tu autoconocimiento, entendiendo bien que significa tener autoestima, y que esta te permita liberarte de las nubes que tapan tus oportunidades de crecer y ser Feliz.<\/p>\n\n\n\n<p>Deja atr\u00e0s las dudas y los miedos, y \u00e1rmarte de  las herramientas que te dar\u00e1n fuerza para encontrar las respuestas que buscabas enfocandonos en incrementar tu mentalidad de abundancia en todos los aspectos de la vida. <\/p>\n\n\n\n<p><strong>****    ENTRENAMIENTO ONLINE  DE 10 SEMANAS:<\/strong>  <strong>EMPODERAMIENTO Y SABIDURIA FEMENINA     ****<\/strong><\/p>\n\n\n\n<ul class=\"wp-block-list\">\n<li>Sientes que en tu vida ocurren situaciones que no te agradan, y se repiten una y otra vez?<\/li>\n\n\n\n<li>No logras facilmente tus objetivos?<\/li>\n\n\n\n<li>Tus relaciones se van a la deriva?<\/li>\n\n\n\n<li>Vives en estr\u00e9s, ansiedad, angustia, ira y dem\u00e1s emociones que te bloquean?<\/li>\n\n\n\n<li>Bienvenida !!!! este taller es para t\u00ed!!!<img decoding=\"async\" src=\"https:\/\/static.xx.fbcdn.net\/images\/emoji.php\/v9\/t20\/1\/16\/1f9cd_200d_2640.png\" alt=\"\ud83e\uddcd\u200d\u2640\ufe0f\" width=\"16\" height=\"16\"><\/li>\n<\/ul>\n\n\n\n<p class=\"has-text-align-center\"><strong>Transf\u00f3rmate en una mujer Feliz, llena y consciente del poder de tu energia femenina<\/strong> <\/p>\n\n\n\n<p><strong>APRENDE :<\/strong><\/p>\n\n\n\n<ul class=\"wp-block-list\">\n<li>A conocerte y reconocerte,<\/li>\n\n\n\n<li>Disminuye los efectos del estr\u00e9s en tu vida<\/li>\n\n\n\n<li>Encuentra equilibrio, salud y bienestar<\/li>\n\n\n\n<li>Crea relaciones fuertes, valiosas saludables<\/li>\n\n\n\n<li>Crea salud financiera<\/li>\n\n\n\n<li>Descrubre y fortalece tus talentos, <\/li>\n\n\n\n<li>Inicia el proceso de poner tus talentos al servicio de la Sociedad,<\/li>\n\n\n\n<li>Canaliza tu energ\u00eda para tu crecimiento y el de los tuyos!!!<\/li>\n<\/ul>\n\n\n\n<p><strong>RECIBE:<\/strong><\/p>\n\n\n\n<ul class=\"wp-block-list\">\n<li>10 sesiones de 2 horas cada sesi\u00f3n de tutor\u00eda Online con coach de vida, Arte Terapeuta y coach de empoderamiento femenino certificada<\/li>\n\n\n\n<li>Cuaderno de trabajo, para desbloqueo de emociones, empoderamiento, PNL, Salud financiera<\/li>\n\n\n\n<li>Manual de los 15 tips para mejorar la calidad de vida<\/li>\n\n\n\n<li>2 sesiones de 30 minutos cada una,  de coaching personalizado  de acompa\u00f1amiento posterior al entrenamiento<\/li>\n<\/ul>\n\n\n\n<p>********Reserva tu espacio*******Cupos limitados*********<\/p>\n\n\n\n<p>Tarifa Presencial del entrenamiento  12 sesiones: usd$ 750,00<\/p>\n\n\n\n<p>Tarifa ONLINE del entrenamiento de 12 sesiones: usd$ 550 ,00<\/p>\n\n\n\n<p><strong> <\/strong><\/p>\n\n\n\n<p class=\"has-text-align-center\"><strong>El mundo necesita m\u00e1s mujeres conscientes<\/strong> <strong>y t\u00fa mereces vivir una vida plena !!!<\/strong><\/p>\n\n\n\n<div class=\"wp-block-group\"><div class=\"wp-block-group__inner-container is-layout-flow wp-block-group-is-layout-flow\">\n<figure class=\"wp-block-gallery has-nested-images columns-default is-cropped wp-block-gallery-1 is-layout-flex wp-block-gallery-is-layout-flex\">\n<figure class=\"wp-block-image size-large\"><img decoding=\"async\" width=\"1024\" height=\"1024\" src=\"\/wp-content\/uploads\/\/2020\/06\/IMG_20200530_110925_291-1024x1024.jpg\" alt=\"\" class=\"wp-image-5429\" srcset=\"\/wp-content\/uploads\/2020\/06\/IMG_20200530_110925_291-1024x1024.jpg 1024w, \/wp-content\/uploads\/2020\/06\/IMG_20200530_110925_291-300x300.jpg 300w, \/wp-content\/uploads\/2020\/06\/IMG_20200530_110925_291-150x150.jpg 150w, \/wp-content\/uploads\/2020\/06\/IMG_20200530_110925_291-768x768.jpg 768w, \/wp-content\/uploads\/2020\/06\/IMG_20200530_110925_291-1536x1536.jpg 1536w, \/wp-content\/uploads\/2020\/06\/IMG_20200530_110925_291.jpg 1920w\" sizes=\"(max-width: 1024px) 100vw, 1024px\" \/><\/figure>\n\n\n\n<figure class=\"wp-block-image size-large\"><img loading=\"lazy\" decoding=\"async\" width=\"940\" height=\"788\" src=\"\/wp-content\/uploads\/\/2020\/07\/IMG-20200629-WA0063.jpg\" alt=\"\" class=\"wp-image-5556\" srcset=\"\/wp-content\/uploads\/2020\/07\/IMG-20200629-WA0063.jpg 940w, \/wp-content\/uploads\/2020\/07\/IMG-20200629-WA0063-300x251.jpg 300w, \/wp-content\/uploads\/2020\/07\/IMG-20200629-WA0063-768x644.jpg 768w, \/wp-content\/uploads\/2020\/07\/IMG-20200629-WA0063-150x126.jpg 150w\" sizes=\"(max-width: 940px) 100vw, 940px\" \/><\/figure>\n<\/figure>\n\n\n\n<p class=\"has-text-align-center\"><strong>ENTREVISTAS DE SABIDURIA FEMENINA<\/strong><\/p>\n\n\n\n<p>Quiero compartirte casos de exito de mujeres maravillosas que nos dan su ejemplo de crecimiento en AUTOESTIMA, AMOR PROPIO, EDUCACI\u00d3N, SEGURIDAD PERSONAL Y EMPRENDIMIENTO.   Que disfrutes las entrevistas <\/p>\n\n\n\n<p class=\"has-text-align-center\"><strong>SABIDURIA FEMENINA 1:  MENTALIDAD DE ABUNDANCIA<\/strong><\/p>\n\n\n\n<p><\/p>\n<\/div><\/div>\n\n\n\n<div class=\"wp-block-group\"><div class=\"wp-block-group__inner-container is-layout-flow wp-block-group-is-layout-flow\"><\/div><\/div>\n\n\n\n<p class=\"has-text-align-center\"><strong>SABIDURIA FEMENINA 2:  AUTOESTIMA Y AMOR PROPIO<\/strong><br>motivamos a las mujeres a utilizar su capacidad de sanar el autoestima, retomar nuestro poder creativo y empoder\u00e1ndonos de ello, lanzarnos a crear el emprendimiento de nuestros sue\u00f1os.<br>Hoy tenemos una invitada especial, y ella es Mayra Romo propietaria de su emprendimiento:  LaBonbonniere: dulces, postres y decoraci\u00f3n.<\/p>\n\n\n\n<figure class=\"wp-block-embed is-type-video is-provider-youtube wp-block-embed-youtube wp-embed-aspect-16-9 wp-has-aspect-ratio\"><div class=\"wp-block-embed__wrapper\">\n<iframe title=\"SABIDURIA FEMENINA 2:  Autoestima y Amor Propio\" width=\"720\" height=\"405\" src=\"https:\/\/www.youtube.com\/embed\/Vq0AFHSUXA4?feature=oembed\" frameborder=\"0\" allow=\"accelerometer; autoplay; clipboard-write; encrypted-media; gyroscope; picture-in-picture; web-share\" referrerpolicy=\"strict-origin-when-cross-origin\" allowfullscreen><\/iframe>\n<\/div><\/figure>\n\n\n\n<p class=\"has-text-align-center\"><strong>SABIDURIA FEMENINA 3: AUTO CUIDADO Y AMOR PROPIO<\/strong><\/p>\n\n\n\n<p>En este programa de Sabidur\u00eda femenina en la revista familiar online Hashtag Enfamilia tenemos como invitada especial a ANDREA ROMERO MI\u00d1O, Empresaria de la Marca de productos de bienestar y autocuidado JEUNESSE DEL ECUADOR.<br>Nuestro mensaje para ustedes es tomar consciencia acerca de cuidarse a uno mismo en todos los aspectos: en la salud f\u00edsica, emocional, espiritual, pues todo eso fortalece nuestro amor propio.<br>Andrea nos propone unos productos fabulosos para el auto cuidado de las mujeres y de toda la familia. Sandra Navarrete @Andrea Romero<\/p>\n\n\n\n<figure class=\"wp-block-embed is-type-video is-provider-youtube wp-block-embed-youtube wp-embed-aspect-16-9 wp-has-aspect-ratio\"><div class=\"wp-block-embed__wrapper\">\n<iframe title=\"SABIDURIA FEMENINA 5:  Auto cuidado y Amor propio\" width=\"720\" height=\"405\" src=\"https:\/\/www.youtube.com\/embed\/8vBpjfYqK60?feature=oembed\" frameborder=\"0\" allow=\"accelerometer; autoplay; clipboard-write; encrypted-media; gyroscope; picture-in-picture; web-share\" referrerpolicy=\"strict-origin-when-cross-origin\" allowfullscreen><\/iframe>\n<\/div><\/figure>\n\n\n\n<p class=\"has-text-align-center\"><strong>SABIDUR\u00cdA FEMENINA 4: NO MAS VIOLENCIA<\/strong><\/p>\n\n\n\n<p>En este programa de Sabidur\u00eda femenina, tenemos como Invitada especial a Rita Ponce Jaramillo, activista por los derechos de la mujer, con quien queremos hacerles llegar un mensaje a todos ustedes queridos amigos y amigas que siguen el programa de Hashtag Enfamilia<br>DECIR NO A LA VIOLENCIA<\/p>\n\n\n\n<p>A NO aceptar ning\u00fan tipo de violencia f\u00edsica o emocional, nada que vaya en contra de su propia integridad de ninguna persona as\u00ed sea pareja, familiar, familia pol\u00edtica, amistades, tampoco aceptar ni mantener en silencio las agresiones y abusos que se dan por parte de estudiantes o miembros de las unidades educativas que piden mantener los silencios para guardar la \u00abreputaci\u00f3n\u00bb.<\/p>\n\n\n\n<p>As\u00ed mismo no debemos callar ni ser c\u00f3mplices del silencio de los abusos emocionales que viven las personas, nosotros mismos o nuestros propios colegas en empresas o peor en organizaciones que \u00abluchan por los derechos\u00bb y que son las primeras en tener gente que genera abuso emocional y laboral.<\/p>\n\n\n\n<p>El respeto, el amor, la armon\u00eda son bases que se deben sentar en la familia desde peque\u00f1itos. Ense\u00f1emos a nuestros hijos a respetar y valorar a cada persona, y en caso de reconocer agresores cerca, DENUNCIAR, y mantener distancia con los agresores.<\/p>\n\n\n\n<figure class=\"wp-block-embed is-type-video is-provider-youtube wp-block-embed-youtube wp-embed-aspect-16-9 wp-has-aspect-ratio\"><div class=\"wp-block-embed__wrapper\">\n<iframe title=\"SABIDURIA FEMENINA 4: No m\u00e1s violencia, Denuncia\" width=\"720\" height=\"405\" src=\"https:\/\/www.youtube.com\/embed\/ypM5vxApgS8?feature=oembed\" frameborder=\"0\" allow=\"accelerometer; autoplay; clipboard-write; encrypted-media; gyroscope; picture-in-picture; web-share\" referrerpolicy=\"strict-origin-when-cross-origin\" allowfullscreen><\/iframe>\n<\/div><\/figure>\n\n\n\n<p><strong>SABIDUR\u00cdA FEMENINA 5:  EDUCACI\u00d3N Y EMPRENDIMIENTO<\/strong><\/p>\n\n\n\n<p>En este video del segmento de Sabidur\u00eda femenina con Sandra Navarrete en la revista familiar Hashtag Enfamilia tengo como invitada especial a Mayra Avila directora del centro educativo ETMAS School<br>El mensaje que queremos entregar hoy es que a partir de educarnos y prepararnos podemos realizar nuestros mayores sue\u00f1os como por ejemplo empezar el emprendimiento que siempre so\u00f1aste para poder ayudar a mejorar la sociedad.<br>Te invito a ver esta maravillosa entrevista, en donde Mayra nos cuenta con mucha pasi\u00f3n y entusiasmo su trabajo de educar en ETMAS SCHOOL en la ciudad de Ibarra<\/p>\n\n\n\n<figure class=\"wp-block-embed is-type-video is-provider-youtube wp-block-embed-youtube wp-embed-aspect-16-9 wp-has-aspect-ratio\"><div class=\"wp-block-embed__wrapper\">\n<iframe title=\"SABIDURIA FEMENINA 3: Educaci\u00f3n y emprendimiento\" width=\"720\" height=\"405\" src=\"https:\/\/www.youtube.com\/embed\/6SKSWJnMuWE?feature=oembed\" frameborder=\"0\" allow=\"accelerometer; autoplay; clipboard-write; encrypted-media; gyroscope; picture-in-picture; web-share\" referrerpolicy=\"strict-origin-when-cross-origin\" allowfullscreen><\/iframe>\n<\/div><\/figure>\n","protected":false},"excerpt":{"rendered":"<p>Querida Amiga, Esta parte de mi pagina es dedicada exclusivamente a t\u00ed. Quiero ayudarte a quitarte esos pensamientos limitantes de&nbsp; tu mente y a verdaderamente empezar a confiar en t\u00ed misma. Seguramente muchas veces te has preguntado, porque a algunas mujeres les va bien y a otras no? Y la verdad es que todas queremos&#8230;<\/p>\n","protected":false},"author":1,"featured_media":0,"parent":0,"menu_order":0,"comment_status":"closed","ping_status":"closed","template":"","meta":{"_kadence_starter_templates_imported_post":false,"_kad_post_transparent":"","_kad_post_title":"","_kad_post_layout":"","_kad_post_sidebar_id":"","_kad_post_content_style":"","_kad_post_vertical_padding":"","_kad_post_feature":"","_kad_post_feature_position":"","_kad_post_header":false,"_kad_post_footer":false,"footnotes":""},"class_list":["post-5460","page","type-page","status-publish","hentry"],"_links":{"self":[{"href":"https:\/\/sandranavarrete.com\/index.php\/wp-json\/wp\/v2\/pages\/5460","targetHints":{"allow":["GET"]}}],"collection":[{"href":"https:\/\/sandranavarrete.com\/index.php\/wp-json\/wp\/v2\/pages"}],"about":[{"href":"https:\/\/sandranavarrete.com\/index.php\/wp-json\/wp\/v2\/types\/page"}],"author":[{"embeddable":true,"href":"https:\/\/sandranavarrete.com\/index.php\/wp-json\/wp\/v2\/users\/1"}],"replies":[{"embeddable":true,"href":"https:\/\/sandranavarrete.com\/index.php\/wp-json\/wp\/v2\/comments?post=5460"}],"version-history":[{"count":26,"href":"https:\/\/sandranavarrete.com\/index.php\/wp-json\/wp\/v2\/pages\/5460\/revisions"}],"predecessor-version":[{"id":6221,"href":"https:\/\/sandranavarrete.com\/index.php\/wp-json\/wp\/v2\/pages\/5460\/revisions\/6221"}],"wp:attachment":[{"href":"https:\/\/sandranavarrete.com\/index.php\/wp-json\/wp\/v2\/media?parent=5460"}],"curies":[{"name":"wp","href":"https:\/\/api.w.org\/{rel}","templated":true}]}}