{"id":4936,"date":"2020-04-13T02:35:59","date_gmt":"2020-04-13T01:35:59","guid":{"rendered":"https:\/\/sandranavarrete.com\/?page_id=4936"},"modified":"2024-06-26T00:16:40","modified_gmt":"2024-06-25T23:16:40","slug":"terapias-holisticas","status":"publish","type":"page","link":"https:\/\/sandranavarrete.com\/index.php\/terapias-holisticas\/","title":{"rendered":"05. TERAPIAS HOL\u00cdSTICAS"},"content":{"rendered":"\n<p><strong>TERAPIA DE CHAKRAS Y ARMONIZACI\u00d3N DE CENTROS ENERG\u00c9TICOS<\/strong><\/p>\n\n\n\n<p>Todos, hemos pasado por situaciones dif\u00edciles, estresantes, tristes o angustiantes en la vida, pues queremos ser mujeres, hombres, parejas, mam\u00e1s, pap\u00e1s, hijas o hijos perfectos\u2026y vivimos con la preocupaci\u00f3n de que no estamos siendo lo que deber\u00edamos ser, o peor a\u00fan, que el mundo no reacciona con nosotros de acuerdo a como nosotros esperamos que los dem\u00e1s act\u00faen. <\/p>\n\n\n<div class=\"wp-block-image\">\n<figure class=\"alignright size-large is-resized\"><img fetchpriority=\"high\" decoding=\"async\" width=\"1024\" height=\"1024\" src=\"\/wp-content\/uploads\/\/2020\/06\/IMG_20200531_133701_589-1024x1024.jpg\" alt=\"\" class=\"wp-image-5428\" style=\"width:332px;height:332px\" srcset=\"\/wp-content\/uploads\/2020\/06\/IMG_20200531_133701_589-1024x1024.jpg 1024w, \/wp-content\/uploads\/2020\/06\/IMG_20200531_133701_589-300x300.jpg 300w, \/wp-content\/uploads\/2020\/06\/IMG_20200531_133701_589-150x150.jpg 150w, \/wp-content\/uploads\/2020\/06\/IMG_20200531_133701_589-768x768.jpg 768w, \/wp-content\/uploads\/2020\/06\/IMG_20200531_133701_589-1536x1536.jpg 1536w, \/wp-content\/uploads\/2020\/06\/IMG_20200531_133701_589.jpg 1920w\" sizes=\"(max-width: 1024px) 100vw, 1024px\" \/><\/figure><\/div>\n\n\n<p>Sin embargo, debemos asumir que somos seres humanos con aprendizajes, ideas, percepciones, sentimientos, emociones y reacciones diferentes unos a otros. <\/p>\n\n\n\n<p>Nos pasamos la vida resolviendo el d\u00eda a d\u00eda, trabajando, estudiando, atendiendo familia, ni\u00f1os, pareja, limpiando, organizando\u2026 <\/p>\n\n\n\n<p class=\"has-text-align-center\"><strong>Atendemos nuestro entorno, pero dejamos atr\u00e1s lo m\u00e1s importante: Nuestro Interior.<\/strong><\/p>\n\n\n\n<p>Tienes que darle tiempo a tu mente, a tu coraz\u00f3n, a tu alma, para analizar, replantear, Limpiar, sanar, todas aquellas situaciones, emociones y pensamientos que est\u00e1n bloqueando tu vida. <\/p>\n\n\n\n<p>Las Terapias Hol\u00edsticas nos ayudan a ser m\u00e1s conscientes de que somos un TODO es decir que nuestro CUERPO, MENTE, ESP\u00cdRITU y EMOCIONES somo uno solo y no estamos separados.<\/p>\n\n\n\n<p> Para tomar consciencia de tu totalidad, y de  tu poder interior, te invito a participar del taller:<\/p>\n\n\n\n<p class=\"has-text-align-left\"> ***********   <strong>ARMONIZACI\u00d3N DE CENTROS ENERG\u00c9TICOS <\/strong>  ***********<\/p>\n\n\n\n<p class=\"has-text-align-left\">Aqu\u00ed podr\u00e1s tomar consciencia de muchas cosas que ignorabas acera de t\u00ed mismo.<\/p>\n\n\n\n<p class=\"has-text-align-center\">Este espacio es un regalo para tu vida para convertirte en un SER HUMANO CONSCIENTE,  y empezar a vivir con SALUD y  en ARMONIA<\/p>\n\n\n<div class=\"wp-block-image\">\n<figure class=\"alignright size-large is-resized\"><img decoding=\"async\" width=\"940\" height=\"788\" src=\"\/wp-content\/uploads\/\/2020\/07\/IMG-20200629-WA0073.jpg\" alt=\"\" class=\"wp-image-5557\" style=\"width:352px;height:295px\" srcset=\"\/wp-content\/uploads\/2020\/07\/IMG-20200629-WA0073.jpg 940w, \/wp-content\/uploads\/2020\/07\/IMG-20200629-WA0073-300x251.jpg 300w, \/wp-content\/uploads\/2020\/07\/IMG-20200629-WA0073-768x644.jpg 768w, \/wp-content\/uploads\/2020\/07\/IMG-20200629-WA0073-150x126.jpg 150w\" sizes=\"(max-width: 940px) 100vw, 940px\" \/><\/figure><\/div>\n\n\n<p><strong>APRENDE A: <\/strong><\/p>\n\n\n\n<ul class=\"wp-block-list\">\n<li>A sanarte a t\u00ed mismo utilizando tus poderes personales.<\/li>\n\n\n\n<li>A tomar consciencia de tu poder interior,<\/li>\n\n\n\n<li>A sana tus miedos , inseguridades, ansiedad, estr\u00e9s, bloqueos <\/li>\n\n\n\n<li>A usar tu respiraci\u00f3n  para incrementar tu bienestar<\/li>\n\n\n\n<li>A armonizar tus centros energ\u00e9ticos <\/li>\n\n\n\n<li>A ser asertivo y toma de decisiones saludables  <\/li>\n<\/ul>\n\n\n<div class=\"wp-block-image\">\n<figure class=\"alignright size-large is-resized\"><img decoding=\"async\" width=\"1024\" height=\"768\" src=\"\/wp-content\/uploads\/\/2020\/06\/20200523_074616-1024x768.jpg\" alt=\"\" class=\"wp-image-5420\" style=\"width:336px;height:252px\" srcset=\"\/wp-content\/uploads\/2020\/06\/20200523_074616-1024x768.jpg 1024w, \/wp-content\/uploads\/2020\/06\/20200523_074616-300x225.jpg 300w, \/wp-content\/uploads\/2020\/06\/20200523_074616-768x576.jpg 768w, \/wp-content\/uploads\/2020\/06\/20200523_074616-150x113.jpg 150w, \/wp-content\/uploads\/2020\/06\/20200523_074616.jpg 1280w\" sizes=\"(max-width: 1024px) 100vw, 1024px\" \/><\/figure><\/div>\n\n\n<p><\/p>\n\n\n\n<p class=\"has-text-align-center\"><strong>RECIBE:<\/strong><\/p>\n\n\n\n<ul class=\"wp-block-list\">\n<li>20 horas en 10  sesiones hol\u00edsticas ONLINE te\u00f3rica y pr\u00e1ctica<\/li>\n\n\n\n<li>Tratamiento y acompa\u00f1amiento con especialista en terapias hol\u00edsticas<\/li>\n\n\n\n<li>Cuaderno de trabajo online con todas las actividades que se van a ir realizando durante las sesiones y actividades en casa<\/li>\n\n\n\n<li>Manual de los 15 tips para mejorar la calidad de vida <\/li>\n<\/ul>\n\n\n\n<p class=\"has-text-align-center\"><strong>Inversi\u00f3n:  usd$ 750,00<\/strong> <strong>x 12 sesiones de 2 horas de duraci\u00f3n<\/strong> cada una<\/p>\n\n\n\n<p class=\"has-text-align-center\"><\/p>\n\n\n\n<figure class=\"wp-block-gallery has-nested-images columns-default is-cropped wp-block-gallery-1 is-layout-flex wp-block-gallery-is-layout-flex\">\n<figure class=\"wp-block-image size-large\"><img loading=\"lazy\" decoding=\"async\" width=\"720\" height=\"720\" data-id=\"5589\" src=\"\/wp-content\/uploads\/\/2020\/07\/CENTROS-ENERGETICOS-JUL-AGO2020.jpg\" alt=\"\" class=\"wp-image-5589\" srcset=\"\/wp-content\/uploads\/2020\/07\/CENTROS-ENERGETICOS-JUL-AGO2020.jpg 720w, \/wp-content\/uploads\/2020\/07\/CENTROS-ENERGETICOS-JUL-AGO2020-300x300.jpg 300w, \/wp-content\/uploads\/2020\/07\/CENTROS-ENERGETICOS-JUL-AGO2020-150x150.jpg 150w\" sizes=\"(max-width: 720px) 100vw, 720px\" \/><\/figure>\n\n\n\n<figure class=\"wp-block-image size-large\"><img loading=\"lazy\" decoding=\"async\" width=\"1024\" height=\"768\" data-id=\"5504\" src=\"\/wp-content\/uploads\/\/2020\/06\/20200526_200046-1024x768.jpg\" alt=\"\" class=\"wp-image-5504\" srcset=\"\/wp-content\/uploads\/2020\/06\/20200526_200046-1024x768.jpg 1024w, \/wp-content\/uploads\/2020\/06\/20200526_200046-300x225.jpg 300w, \/wp-content\/uploads\/2020\/06\/20200526_200046-768x576.jpg 768w, \/wp-content\/uploads\/2020\/06\/20200526_200046-1536x1152.jpg 1536w, \/wp-content\/uploads\/2020\/06\/20200526_200046-2048x1536.jpg 2048w, \/wp-content\/uploads\/2020\/06\/20200526_200046-150x113.jpg 150w\" sizes=\"(max-width: 1024px) 100vw, 1024px\" \/><\/figure>\n\n\n\n<figure class=\"wp-block-image size-large\"><img loading=\"lazy\" decoding=\"async\" width=\"1024\" height=\"817\" data-id=\"5514\" src=\"\/wp-content\/uploads\/\/2020\/06\/20200614_145835-1024x817.jpg\" alt=\"\" class=\"wp-image-5514\" srcset=\"\/wp-content\/uploads\/2020\/06\/20200614_145835-1024x817.jpg 1024w, \/wp-content\/uploads\/2020\/06\/20200614_145835-300x239.jpg 300w, \/wp-content\/uploads\/2020\/06\/20200614_145835-768x613.jpg 768w, \/wp-content\/uploads\/2020\/06\/20200614_145835-150x120.jpg 150w, \/wp-content\/uploads\/2020\/06\/20200614_145835.jpg 1203w\" sizes=\"(max-width: 1024px) 100vw, 1024px\" \/><\/figure>\n\n\n\n<figure class=\"wp-block-image size-large\"><img loading=\"lazy\" decoding=\"async\" width=\"1024\" height=\"768\" data-id=\"5541\" src=\"\/wp-content\/uploads\/\/2020\/07\/IMG-20200722-WA0067-1024x768.jpg\" alt=\"\" class=\"wp-image-5541\" srcset=\"\/wp-content\/uploads\/2020\/07\/IMG-20200722-WA0067-1024x768.jpg 1024w, \/wp-content\/uploads\/2020\/07\/IMG-20200722-WA0067-300x225.jpg 300w, \/wp-content\/uploads\/2020\/07\/IMG-20200722-WA0067-768x576.jpg 768w, \/wp-content\/uploads\/2020\/07\/IMG-20200722-WA0067-150x113.jpg 150w, \/wp-content\/uploads\/2020\/07\/IMG-20200722-WA0067.jpg 1280w\" sizes=\"(max-width: 1024px) 100vw, 1024px\" \/><\/figure>\n<\/figure>\n","protected":false},"excerpt":{"rendered":"<p>TERAPIA DE CHAKRAS Y ARMONIZACI\u00d3N DE CENTROS ENERG\u00c9TICOS Todos, hemos pasado por situaciones dif\u00edciles, estresantes, tristes o angustiantes en la vida, pues queremos ser mujeres, hombres, parejas, mam\u00e1s, pap\u00e1s, hijas o hijos perfectos\u2026y vivimos con la preocupaci\u00f3n de que no estamos siendo lo que deber\u00edamos ser, o peor a\u00fan, que el mundo no reacciona con&#8230;<\/p>\n","protected":false},"author":1,"featured_media":0,"parent":0,"menu_order":0,"comment_status":"closed","ping_status":"closed","template":"","meta":{"_kadence_starter_templates_imported_post":false,"_kad_post_transparent":"","_kad_post_title":"","_kad_post_layout":"","_kad_post_sidebar_id":"","_kad_post_content_style":"","_kad_post_vertical_padding":"","_kad_post_feature":"","_kad_post_feature_position":"","_kad_post_header":false,"_kad_post_footer":false,"footnotes":""},"class_list":["post-4936","page","type-page","status-publish","hentry"],"_links":{"self":[{"href":"https:\/\/sandranavarrete.com\/index.php\/wp-json\/wp\/v2\/pages\/4936","targetHints":{"allow":["GET"]}}],"collection":[{"href":"https:\/\/sandranavarrete.com\/index.php\/wp-json\/wp\/v2\/pages"}],"about":[{"href":"https:\/\/sandranavarrete.com\/index.php\/wp-json\/wp\/v2\/types\/page"}],"author":[{"embeddable":true,"href":"https:\/\/sandranavarrete.com\/index.php\/wp-json\/wp\/v2\/users\/1"}],"replies":[{"embeddable":true,"href":"https:\/\/sandranavarrete.com\/index.php\/wp-json\/wp\/v2\/comments?post=4936"}],"version-history":[{"count":24,"href":"https:\/\/sandranavarrete.com\/index.php\/wp-json\/wp\/v2\/pages\/4936\/revisions"}],"predecessor-version":[{"id":6134,"href":"https:\/\/sandranavarrete.com\/index.php\/wp-json\/wp\/v2\/pages\/4936\/revisions\/6134"}],"wp:attachment":[{"href":"https:\/\/sandranavarrete.com\/index.php\/wp-json\/wp\/v2\/media?parent=4936"}],"curies":[{"name":"wp","href":"https:\/\/api.w.org\/{rel}","templated":true}]}}