{"id":4522,"date":"2018-04-01T17:54:22","date_gmt":"2018-04-01T16:54:22","guid":{"rendered":"http:\/\/sandranavarrete.com\/?page_id=4522"},"modified":"2024-06-26T00:17:52","modified_gmt":"2024-06-25T23:17:52","slug":"talleres-de-arte-en-escuelas-y-colegios","status":"publish","type":"page","link":"https:\/\/sandranavarrete.com\/index.php\/talleres-de-arte-en-escuelas-y-colegios\/","title":{"rendered":"07. TALLERES CREATIVOS EN ESCUELAS Y COLEGIOS"},"content":{"rendered":"\n<div class=\"wp-block-group\"><div class=\"wp-block-group__inner-container is-layout-flow wp-block-group-is-layout-flow\">\n<p><\/p>\n<\/div><\/div>\n\n\n\n<p>Introducir los talleres Creativos y de desarrollo de Inteligencia emocional&nbsp; en escuelas y colegios, tiene como objetivo motivar a los alumnos el APRENDIZAJE a trav\u00e9s del juego, de diferentes herramientas de desarrollo personal y t\u00e9cnicas de arte que les permitir\u00e1 fortalecer valores y cualidades valiosas para la vida como: SUPERAR RETOS, EXPRESARSE, PROPONERSE OBJETIVOS, LOGRAR METAS y DESARROLLAR PENSAMIENTO CREATIVO.<\/p>\n\n\n\n<p>El contacto entre el artista y los alumnos les permite a ellos sentirse conectados, sentirse artistas, disfrutar el proceso y sentir el EXITO al crear una obra.<\/p>\n\n\n\n<p>Los ni\u00f1os y j\u00f3venes aprenden a ser parte activa de nuestra sociedad, desarrollando sus talentos, actuando y dirigiendo, las actividades creativas que proponemos en el programa,&nbsp; juegan un papel muy importante en este proceso de autoconocimiento, amor propio y autoestima.<\/p>\n\n\n\n<p>Apoyamos la EDUCACION a traves de nuestro programa creativo de apoyo al aula de forma PRESENCIAL y tambi\u00e9n ONLINE, estimulando un pensamiento independiente, creativo, innovador, y solucionador, educando a ni\u00f1os y j\u00f3venes para amar su autonom\u00eda, fortaleciendo su preparaci\u00f3n para enfrentar y disfrutar las diferentes situaciones de la vida.<\/p>\n\n\n\n<p>Buscas innovar tu clase con temas interesantes, divertidos y con enfoque en TECNICAS ARTISTICAS, DESARROLLO PERSONAL e INTELIGENCIA EMOCIONAL? Cont\u00e1ctanos y estaremos felices de mostrarte nuestra propuesta de apoyo al aula, o dise\u00f1ar un programa personalizado que cubra sus expectativas, tanto online como presencial.<\/p>\n\n\n\n<p><strong>\u00abAprender a reconstruirse por dentro, para empezar a construir hacia afuera \u00ab<\/strong><\/p>\n\n\n<div class=\"wp-block-image\">\n<figure class=\"alignright\"><img decoding=\"async\" width=\"150\" height=\"150\" src=\"\/wp-content\/uploads\/\/2016\/08\/20151026_164516-150x150.jpg\" alt=\"20151026_164516\" class=\"wp-image-4529\"\/><\/figure><\/div>\n\n<div class=\"wp-block-image\">\n<figure class=\"alignright\"><img decoding=\"async\" width=\"150\" height=\"150\" src=\"\/wp-content\/uploads\/\/2016\/08\/CAM00259-150x150.jpg\" alt=\"CAM00259\" class=\"wp-image-4531\"\/><\/figure><\/div>\n\n<div class=\"wp-block-image\">\n<figure class=\"alignright\"><img decoding=\"async\" width=\"150\" height=\"150\" src=\"\/wp-content\/uploads\/\/2016\/08\/CAM00215-150x150.jpg\" alt=\"CAM00215\" class=\"wp-image-4532\"\/><\/figure><\/div>\n\n<div class=\"wp-block-image\">\n<figure class=\"alignright\"><img loading=\"lazy\" decoding=\"async\" width=\"150\" height=\"150\" src=\"\/wp-content\/uploads\/\/2016\/08\/20151027_095735-150x150.jpg\" alt=\"20151027_095735\" class=\"wp-image-4527\"\/><\/figure><\/div>\n\n<div class=\"wp-block-image\">\n<figure class=\"alignright\"><img loading=\"lazy\" decoding=\"async\" width=\"150\" height=\"150\" src=\"\/wp-content\/uploads\/\/2016\/08\/20151026_154752-150x150.jpg\" alt=\"20151026_154752\" class=\"wp-image-4528\"\/><\/figure><\/div>\n\n<div class=\"wp-block-image\">\n<figure class=\"alignright\"><img loading=\"lazy\" decoding=\"async\" width=\"150\" height=\"150\" src=\"\/wp-content\/uploads\/\/2016\/08\/20170418_103202-150x150.jpg\" alt=\"\" class=\"wp-image-4550\"\/><\/figure><\/div>\n\n<div class=\"wp-block-image\">\n<figure class=\"alignright\"><img loading=\"lazy\" decoding=\"async\" width=\"150\" height=\"150\" src=\"\/wp-content\/uploads\/\/2016\/08\/20170418_105500-150x150.jpg\" alt=\"\" class=\"wp-image-4551\"\/><\/figure><\/div>\n\n<div class=\"wp-block-image\">\n<figure class=\"alignright\"><img loading=\"lazy\" decoding=\"async\" width=\"150\" height=\"150\" src=\"\/wp-content\/uploads\/\/2016\/08\/20161201_085202-150x150.jpg\" alt=\"\" class=\"wp-image-4552\"\/><\/figure><\/div>\n\n<div class=\"wp-block-image\">\n<figure class=\"alignright\"><img loading=\"lazy\" decoding=\"async\" width=\"150\" height=\"150\" src=\"\/wp-content\/uploads\/\/2016\/08\/20161201_090248-150x150.jpg\" alt=\"\" class=\"wp-image-4553\"\/><\/figure><\/div>\n\n<div class=\"wp-block-image\">\n<figure class=\"alignright\"><img loading=\"lazy\" decoding=\"async\" width=\"150\" height=\"150\" src=\"\/wp-content\/uploads\/\/2016\/08\/IMG_1877-150x150.jpg\" alt=\"IMG_1877\" class=\"wp-image-4533\"\/><\/figure><\/div>\n\n<div class=\"wp-block-image\">\n<figure class=\"alignright\"><img loading=\"lazy\" decoding=\"async\" width=\"150\" height=\"150\" src=\"\/wp-content\/uploads\/\/2016\/08\/CAM00234-150x150.jpg\" alt=\"CAM00234\" class=\"wp-image-4530\"\/><\/figure><\/div>\n\n\n<figure class=\"wp-block-image size-large is-resized\"><img loading=\"lazy\" decoding=\"async\" width=\"1024\" height=\"1024\" src=\"\/wp-content\/uploads\/\/2020\/08\/seamaloqueseconoce-3-1024x1024.jpg\" alt=\"\" class=\"wp-image-5634\" style=\"width:485px;height:485px\" srcset=\"\/wp-content\/uploads\/2020\/08\/seamaloqueseconoce-3-1024x1024.jpg 1024w, \/wp-content\/uploads\/2020\/08\/seamaloqueseconoce-3-300x300.jpg 300w, \/wp-content\/uploads\/2020\/08\/seamaloqueseconoce-3-150x150.jpg 150w, \/wp-content\/uploads\/2020\/08\/seamaloqueseconoce-3-768x768.jpg 768w, \/wp-content\/uploads\/2020\/08\/seamaloqueseconoce-3.jpg 1280w\" sizes=\"(max-width: 1024px) 100vw, 1024px\" \/><\/figure>\n\n\n\n<p><\/p>\n\n\n\n<p><\/p>\n\n\n\n<figure class=\"wp-block-gallery has-nested-images columns-default is-cropped wp-block-gallery-1 is-layout-flex wp-block-gallery-is-layout-flex\">\n<figure class=\"wp-block-image size-large\"><img loading=\"lazy\" decoding=\"async\" width=\"1024\" height=\"1024\" data-id=\"5635\" src=\"\/wp-content\/uploads\/\/2020\/08\/retratos-4-1024x1024.jpg\" alt=\"\" class=\"wp-image-5635\" srcset=\"\/wp-content\/uploads\/2020\/08\/retratos-4-1024x1024.jpg 1024w, \/wp-content\/uploads\/2020\/08\/retratos-4-300x300.jpg 300w, \/wp-content\/uploads\/2020\/08\/retratos-4-150x150.jpg 150w, \/wp-content\/uploads\/2020\/08\/retratos-4-768x768.jpg 768w, \/wp-content\/uploads\/2020\/08\/retratos-4.jpg 1280w\" sizes=\"(max-width: 1024px) 100vw, 1024px\" \/><\/figure>\n\n\n\n<figure class=\"wp-block-image size-large\"><img loading=\"lazy\" decoding=\"async\" width=\"720\" height=\"405\" data-id=\"5637\" src=\"\/wp-content\/uploads\/\/2020\/08\/yoga6-2.jpg\" alt=\"\" class=\"wp-image-5637\" srcset=\"\/wp-content\/uploads\/2020\/08\/yoga6-2.jpg 720w, \/wp-content\/uploads\/2020\/08\/yoga6-2-300x169.jpg 300w, \/wp-content\/uploads\/2020\/08\/yoga6-2-150x84.jpg 150w\" sizes=\"(max-width: 720px) 100vw, 720px\" \/><\/figure>\n\n\n\n<figure class=\"wp-block-image size-large\"><img loading=\"lazy\" decoding=\"async\" width=\"720\" height=\"405\" data-id=\"5638\" src=\"\/wp-content\/uploads\/\/2020\/08\/yoga7-3.jpg\" alt=\"\" class=\"wp-image-5638\" srcset=\"\/wp-content\/uploads\/2020\/08\/yoga7-3.jpg 720w, \/wp-content\/uploads\/2020\/08\/yoga7-3-300x169.jpg 300w, \/wp-content\/uploads\/2020\/08\/yoga7-3-150x84.jpg 150w\" sizes=\"(max-width: 720px) 100vw, 720px\" \/><\/figure>\n<\/figure>\n\n\n\n<p><\/p>\n\n\n\n<p><\/p>\n","protected":false},"excerpt":{"rendered":"<p>Introducir los talleres Creativos y de desarrollo de Inteligencia emocional&nbsp; en escuelas y colegios, tiene como objetivo motivar a los alumnos el APRENDIZAJE a trav\u00e9s del juego, de diferentes herramientas de desarrollo personal y t\u00e9cnicas de arte que les permitir\u00e1 fortalecer valores y cualidades valiosas para la vida como: SUPERAR RETOS, EXPRESARSE, PROPONERSE OBJETIVOS, LOGRAR&#8230;<\/p>\n","protected":false},"author":1,"featured_media":0,"parent":0,"menu_order":0,"comment_status":"closed","ping_status":"closed","template":"","meta":{"_kadence_starter_templates_imported_post":false,"_kad_post_transparent":"","_kad_post_title":"","_kad_post_layout":"","_kad_post_sidebar_id":"","_kad_post_content_style":"","_kad_post_vertical_padding":"","_kad_post_feature":"","_kad_post_feature_position":"","_kad_post_header":false,"_kad_post_footer":false,"footnotes":""},"class_list":["post-4522","page","type-page","status-publish","hentry"],"_links":{"self":[{"href":"https:\/\/sandranavarrete.com\/index.php\/wp-json\/wp\/v2\/pages\/4522","targetHints":{"allow":["GET"]}}],"collection":[{"href":"https:\/\/sandranavarrete.com\/index.php\/wp-json\/wp\/v2\/pages"}],"about":[{"href":"https:\/\/sandranavarrete.com\/index.php\/wp-json\/wp\/v2\/types\/page"}],"author":[{"embeddable":true,"href":"https:\/\/sandranavarrete.com\/index.php\/wp-json\/wp\/v2\/users\/1"}],"replies":[{"embeddable":true,"href":"https:\/\/sandranavarrete.com\/index.php\/wp-json\/wp\/v2\/comments?post=4522"}],"version-history":[{"count":22,"href":"https:\/\/sandranavarrete.com\/index.php\/wp-json\/wp\/v2\/pages\/4522\/revisions"}],"predecessor-version":[{"id":6136,"href":"https:\/\/sandranavarrete.com\/index.php\/wp-json\/wp\/v2\/pages\/4522\/revisions\/6136"}],"wp:attachment":[{"href":"https:\/\/sandranavarrete.com\/index.php\/wp-json\/wp\/v2\/media?parent=4522"}],"curies":[{"name":"wp","href":"https:\/\/api.w.org\/{rel}","templated":true}]}}