{"id":2,"date":"2018-04-04T13:43:27","date_gmt":"2018-04-04T12:43:27","guid":{"rendered":""},"modified":"2025-01-24T23:26:11","modified_gmt":"2025-01-24T22:26:11","slug":"about","status":"publish","type":"page","link":"https:\/\/sandranavarrete.com\/index.php\/about\/","title":{"rendered":"03. COACHING &#8211; LOGRA TUS OBJETIVOS"},"content":{"rendered":"\t\t<div data-elementor-type=\"wp-page\" data-elementor-id=\"2\" class=\"elementor elementor-2\">\n\t\t\t\t<div class=\"elementor-element elementor-element-59883aa4 e-flex e-con-boxed e-con e-parent\" data-id=\"59883aa4\" data-element_type=\"container\">\n\t\t\t\t\t<div class=\"e-con-inner\">\n\t\t\t\t<div class=\"elementor-element elementor-element-18e72c56 elementor-widget elementor-widget-text-editor\" data-id=\"18e72c56\" data-element_type=\"widget\" data-widget_type=\"text-editor.default\">\n\t\t\t\t\t\t\t\t\t\n<p><strong>\u00a0\u00a0\u00a0\u00a0\u00a0\u00a0\u00a0\u00a0\u00a0\u00a0\u00a0\u00a0\u00a0\u00a0\u00a0\u00a0\u00a0\u00a0\u00a0\u00a0\u00a0\u00a0\u00a0\u00a0\u00a0\u00a0\u00a0\u00a0\u00a0\u00a0\u00a0 Bienvenido y gracias por estar aqui !<\/strong><\/p>\n<hr \/>\n<p><strong>\u00bfEst\u00e1s buscando respuestas y soluciones a los conflictos de tu vida?<\/strong><\/p>\n<p>Si est\u00e1s aqu\u00ed, es porque sabes que necesitas dar un paso m\u00e1s all\u00e1 para mejorar la calidad de tu vida. Quiz\u00e1s te encuentras pregunt\u00e1ndote sobre:<\/p>\n<ul>\n<li>\u00bfC\u00f3mo disminuir el estr\u00e9s en tu vida?<\/li>\n<li>\u00bfC\u00f3mo mejorar tu confianza en ti mismo (a)?<\/li>\n<li>\u00bfC\u00f3mo no dejarte afectar por la presi\u00f3n social?<\/li>\n<li>\u00bfPor qu\u00e9 no te sientes c\u00f3modo (a) con tu aspecto personal?<\/li>\n<li>\u00bfPor qu\u00e9 sientes que falta pasi\u00f3n en tu vida?<\/li>\n<li>\u00bfC\u00f3mo mejorar tus relaciones personales?<\/li>\n<li>\u00bfCu\u00e1l es tu prop\u00f3sito de vida?<\/li>\n<li>\u00bfC\u00f3mo lograr esos objetivos que parecen tan distantes?<\/li>\n<li>\u00bfQu\u00e9 estudiar en la universidad?<\/li>\n<li>\u00bfPor qu\u00e9 tu relaci\u00f3n de pareja no funciona?<\/li>\n<\/ul>\n<p>Estas y muchas otras preguntas ocupan tu mente y te debilitan al no encontrar respuestas adecuadas. <strong>Pero estas preguntas ya son un gran paso en tu crecimiento personal<\/strong>. Ahora, quiero decirte que hay una gran diferencia entre <strong>SO\u00d1AR<\/strong> y <strong>CONCRETAR<\/strong>.<\/p>\n<p><strong>Solo las personas que toman acci\u00f3n logran sus metas y viven una vida plena.<\/strong> Si deseas ver m\u00e1s all\u00e1, necesitas el acompa\u00f1amiento de un coach que te ayude a desenredar esos nudos mentales y despejar el camino para que puedas tomar las decisiones necesarias y vivir la vida que realmente deseas.<\/p>\n<hr \/>\n<h3><strong>\u00bfQui\u00e9n soy yo y c\u00f3mo puedo ayudarte?<\/strong><\/h3>\n<p>Soy una persona curiosa, con una gran pasi\u00f3n por aprender y descubrir nuevas formas de bienestar y crecimiento personal. A lo largo de mi vida, me he interesado por estudiar y experimentar con pr\u00e1cticas multidisciplinarias que me han permitido mejorar mi calidad de vida y tomar decisiones transformadoras.<\/p>\n<p>He tenido la suerte de contar con grandes maestros de vida que me han ense\u00f1ado a reconocer lo que sirve a mi vida y lo que debo desechar. Adem\u00e1s, mi curiosidad me ha llevado a formarme continuamente, fortaleciendo mis herramientas para la auto-sanaci\u00f3n y el desarrollo personal.<\/p>\n<p>Gracias a estas experiencias, he logrado superar desaf\u00edos, mantener el equilibrio y transformar mi vida. <strong>Ahora quiero acompa\u00f1arte en tu propio viaje hacia el cambio.<\/strong><\/p>\n<hr \/>\n<h3><strong>Mi experiencia y enfoque<\/strong><\/h3>\n<p>Con m\u00e1s de 10 a\u00f1os acompa\u00f1ando procesos de coaching y desarrollo personal, he trabajado con personas individuales, y organizaciones. Durante este tiempo, he comprobado que la retroalimentaci\u00f3n mutua en el proceso de coaching es fundamental para generar un verdadero desarrollo personal y profesional.<\/p>\n<p><strong>S\u00e9 que tener una actitud positiva es clave para alcanzar tus metas<\/strong>, pero tambi\u00e9n hay muchas otras herramientas que podemos aplicar para mejorar todos los aspectos de tu vida, ya sea personal, profesional, familiar o empresarial.<\/p>\n<hr \/>\n<h3><strong>\u00bfA qui\u00e9n va dirigido el coaching?<\/strong><\/h3>\n<p>Te invito a contactarme si eres:<\/p>\n<ul>\n<li>Una persona en busca de tu misi\u00f3n de vida.<\/li>\n<li>Alguien que desea desarrollar y fortalecer sus talentos.<\/li>\n<li>Una empresa que desea maximizar el potencial de su equipo.<\/li>\n<li>Una instituci\u00f3n educativa que busca desarrollar el poder creativo de sus docentes.<\/li>\n<li>Cualquier persona que siente que necesita generar un cambio en su vida.<\/li>\n<\/ul>\n<hr \/>\n<h3><strong>\u00bfCu\u00e1l es el siguiente paso?<\/strong><\/h3>\n<p>Cont\u00e1ctame para obtener tu <strong>evaluaci\u00f3n inicial gratuita<\/strong>. En esta evaluaci\u00f3n, estableceremos el punto de partida y clarificaremos hacia d\u00f3nde quieres llegar con el coaching.<\/p>\n<p><strong>Entender d\u00f3nde est\u00e1s ahora y lo que necesitas cambiar, eliminar o mejorar, es el primer paso para dise\u00f1ar tu plan de acci\u00f3n personalizado.<\/strong><\/p>\n<hr \/>\n<h3><strong>Formas de Coaching Disponibles<\/strong><\/h3>\n<ul>\n<li>Coaching individual o grupal presencial<\/li>\n<li>Coaching individual o grupal online<\/li>\n<li>Coaching familiar<\/li>\n<li>Coaching vocacional<\/li>\n<li>Coaching de salud y bienestar<\/li>\n<li>Empoderamiento<\/li>\n<li>Empoderamiento femenino<\/li>\n<li>Manejo de conflictos<\/li>\n<li>Coaching para productividad, energ\u00eda y vitalidad<\/li>\n<li>Coaching de talentos<\/li>\n<li>Coaching creativo<\/li>\n<\/ul>\n<hr \/>\n<p><strong>Estoy emocionada de acompa\u00f1arte en este maravilloso proceso de desarrollo personal.<\/strong> Juntos, transformaremos tu vida y alcanzaremos los resultados que deseas.<\/p>\n<p><strong>mail@sandranavarrete.com<\/strong><\/p>\n<figure class=\"wp-block-embed is-type-video is-provider-youtube wp-block-embed-youtube wp-embed-aspect-4-3 wp-has-aspect-ratio\"><\/figure>\n\n<figure class=\"wp-block-gallery has-nested-images columns-default is-cropped wp-block-gallery-2 is-layout-flex wp-block-gallery-is-layout-flex\">\n<figure class=\"wp-block-image size-large\"><img fetchpriority=\"high\" decoding=\"async\" width=\"769\" height=\"604\" data-id=\"5688\" class=\"wp-image-5688\" src=\"\/wp-content\/uploads\/\/2020\/09\/comprimir-4-min.jpg\" alt=\"\" srcset=\"\/wp-content\/uploads\/2020\/09\/comprimir-4-min.jpg 769w, \/wp-content\/uploads\/2020\/09\/comprimir-4-min-300x236.jpg 300w, \/wp-content\/uploads\/2020\/09\/comprimir-4-min-150x118.jpg 150w\" sizes=\"(max-width: 769px) 100vw, 769px\" \/><\/figure>\n\n<figure class=\"wp-block-image size-large\"><img decoding=\"async\" width=\"1024\" height=\"768\" data-id=\"5689\" class=\"wp-image-5689\" src=\"\/wp-content\/uploads\/\/2020\/09\/comprimir2-min-1024x768.jpg\" alt=\"\" srcset=\"\/wp-content\/uploads\/2020\/09\/comprimir2-min-1024x768.jpg 1024w, \/wp-content\/uploads\/2020\/09\/comprimir2-min-300x225.jpg 300w, \/wp-content\/uploads\/2020\/09\/comprimir2-min-768x576.jpg 768w, \/wp-content\/uploads\/2020\/09\/comprimir2-min-150x113.jpg 150w, \/wp-content\/uploads\/2020\/09\/comprimir2-min.jpg 1152w\" sizes=\"(max-width: 1024px) 100vw, 1024px\" \/><\/figure>\n\n<figure class=\"wp-block-image size-large\"><img decoding=\"async\" width=\"1024\" height=\"576\" data-id=\"5690\" class=\"wp-image-5690\" src=\"\/wp-content\/uploads\/\/2020\/09\/comprimir-min-1024x576.jpg\" alt=\"\" srcset=\"\/wp-content\/uploads\/2020\/09\/comprimir-min-1024x576.jpg 1024w, \/wp-content\/uploads\/2020\/09\/comprimir-min-300x169.jpg 300w, \/wp-content\/uploads\/2020\/09\/comprimir-min-768x432.jpg 768w, \/wp-content\/uploads\/2020\/09\/comprimir-min-150x84.jpg 150w, \/wp-content\/uploads\/2020\/09\/comprimir-min.jpg 1280w\" sizes=\"(max-width: 1024px) 100vw, 1024px\" \/><\/figure>\n<\/figure>\n\n<p>____________________________________________________________________________<\/p>\n<p><strong>Welcome, and congratulations on being here!<\/strong><\/p>\n<p>If you\u2019ve found your way here, it\u2019s because you\u2019re searching for clarity, solutions, or a way to overcome challenges in your life. This is already a powerful first step, and I\u2019m here to tell you: transformation is possible.<\/p>\n<p>Throughout my own journey, I\u2019ve faced many challenges that tested my strength and balance. But through perseverance, learning, and self-discovery, I found my way to a life of fulfillment and harmony. I discovered tools and practices that helped me heal, grow, and achieve my goals\u2014and now, I\u2019m here to help you do the same.<\/p>\n<p>You don\u2019t have to navigate this path alone. Let me accompany you on your journey, helping you find balance, purpose, and the clarity you need to move forward.<\/p>\n<p><strong>Take the first step today.<\/strong> Contact me for a free initial evaluation to uncover where you are, what you need to shift, and where you want to go. Together, we\u2019ll work with powerful tools to align your <strong>body, mind, and spirit<\/strong> so you can create the life you deserve.<\/p>\n<p>Let\u2019s begin this transformative journey, because your best life is waiting.<\/p>\n\n<p>My multidisciplinary sessions offer:<\/p>\n\n<ul class=\"wp-block-list\">\n<li>Coaching,<\/li>\n\n<li>Art therapy,<\/li>\n\n<li>Body therapy,<\/li>\n\n<li>Healing &amp; energy balancing<\/li>\n\n<li>Visualizations, meditations, mindfulness<\/li>\n\n<li>Relaxation therapy,<\/li>\n\n<li>NLP, affirmations<\/li>\n<\/ul>\n<div class=\"wp-block-image\">\n<figure class=\"alignright size-large is-resized\"><img loading=\"lazy\" decoding=\"async\" width=\"720\" height=\"723\" class=\"wp-image-4898\" style=\"width: 267px; height: 268px;\" src=\"\/wp-content\/uploads\/\/2020\/04\/FB_IMG_1586219945522-1.jpg\" alt=\"\" srcset=\"\/wp-content\/uploads\/2020\/04\/FB_IMG_1586219945522-1.jpg 720w, \/wp-content\/uploads\/2020\/04\/FB_IMG_1586219945522-1-300x300.jpg 300w, \/wp-content\/uploads\/2020\/04\/FB_IMG_1586219945522-1-150x150.jpg 150w\" sizes=\"(max-width: 720px) 100vw, 720px\" \/><\/figure><\/div>\n<p>\u00a0<\/p>\n\n<p><strong>Investment:<\/strong><\/p>\n\n<p>Online Session 2 hours: Usd$ 75,00<\/p>\n\n<p>Presential Session 2 hours: usd$ 75,00<\/p>\n\n<p>Full Coaching traject 12 sessions &#8211; 2 hours each session: USD $ 750.00<\/p>\n\n<p>I would be honored to coach you through this wonderful, creative process of personal development. Together, we\u2019ll unlock your true potential and take the steps toward <strong>living the life you want<\/strong>.<\/p>\n<p><strong>Your time to take action is now!<\/strong> Let\u2019s start this transformative journey today.<\/p>\n<p><strong>mail@sandranavarrete.com<\/strong><\/p>\n\n<p>\u00a0<\/p>\n\t\t\t\t\t\t\t\t<\/div>\n\t\t\t\t\t<\/div>\n\t\t\t\t<\/div>\n\t\t\t\t<\/div>\n\t\t","protected":false},"excerpt":{"rendered":"<p>____________________________________________________________________________ Welcome, and congratulations on being here! If you\u2019ve found your way here, it\u2019s because you\u2019re searching for clarity, solutions, or a way to overcome challenges in your life. This is already a powerful first step, and I\u2019m here to tell you: transformation is possible. Throughout my own journey, I\u2019ve faced many challenges that tested&#8230;<\/p>\n","protected":false},"author":1,"featured_media":0,"parent":0,"menu_order":0,"comment_status":"open","ping_status":"open","template":"","meta":{"_kadence_starter_templates_imported_post":false,"_kad_post_transparent":"","_kad_post_title":"","_kad_post_layout":"","_kad_post_sidebar_id":"","_kad_post_content_style":"","_kad_post_vertical_padding":"","_kad_post_feature":"","_kad_post_feature_position":"","_kad_post_header":false,"_kad_post_footer":false,"footnotes":""},"class_list":["post-2","page","type-page","status-publish","hentry"],"_links":{"self":[{"href":"https:\/\/sandranavarrete.com\/index.php\/wp-json\/wp\/v2\/pages\/2","targetHints":{"allow":["GET"]}}],"collection":[{"href":"https:\/\/sandranavarrete.com\/index.php\/wp-json\/wp\/v2\/pages"}],"about":[{"href":"https:\/\/sandranavarrete.com\/index.php\/wp-json\/wp\/v2\/types\/page"}],"author":[{"embeddable":true,"href":"https:\/\/sandranavarrete.com\/index.php\/wp-json\/wp\/v2\/users\/1"}],"replies":[{"embeddable":true,"href":"https:\/\/sandranavarrete.com\/index.php\/wp-json\/wp\/v2\/comments?post=2"}],"version-history":[{"count":105,"href":"https:\/\/sandranavarrete.com\/index.php\/wp-json\/wp\/v2\/pages\/2\/revisions"}],"predecessor-version":[{"id":6219,"href":"https:\/\/sandranavarrete.com\/index.php\/wp-json\/wp\/v2\/pages\/2\/revisions\/6219"}],"wp:attachment":[{"href":"https:\/\/sandranavarrete.com\/index.php\/wp-json\/wp\/v2\/media?parent=2"}],"curies":[{"name":"wp","href":"https:\/\/api.w.org\/{rel}","templated":true}]}}